{"id":35,"date":"2023-08-08T17:29:00","date_gmt":"2023-08-08T17:29:00","guid":{"rendered":"https:\/\/larpabogados.com\/?page_id=35"},"modified":"2023-11-30T02:06:41","modified_gmt":"2023-11-30T02:06:41","slug":"contacto","status":"publish","type":"page","link":"https:\/\/larpabogados.com\/en\/contacto\/","title":{"rendered":"CONTACT US"},"content":{"rendered":"<div data-elementor-type=\"wp-page\" data-elementor-id=\"35\" class=\"elementor elementor-35\" data-elementor-post-type=\"page\">\n\t\t\t\t<div class=\"elementor-element elementor-element-d495c49 e-con-full e-flex e-con e-parent\" data-id=\"d495c49\" data-element_type=\"container\" data-settings=\"{&quot;background_background&quot;:&quot;classic&quot;}\">\n\t\t\t\t<div class=\"elementor-element elementor-element-8ebd4f2 elementor-widget elementor-widget-heading\" data-id=\"8ebd4f2\" data-element_type=\"widget\" data-widget_type=\"heading.default\">\n\t\t\t\t<div class=\"elementor-widget-container\">\n\t\t\t\t\t<h1 class=\"elementor-heading-title elementor-size-default\">Contact Us<\/h1>\t\t\t\t<\/div>\n\t\t\t\t<\/div>\n\t\t\t\t<\/div>\n\t\t<div class=\"elementor-element elementor-element-24e5ed3 e-flex e-con-boxed e-con e-parent\" data-id=\"24e5ed3\" data-element_type=\"container\">\n\t\t\t\t\t<div class=\"e-con-inner\">\n\t\t\t\t<div class=\"elementor-element elementor-element-83099b2 elementor-widget elementor-widget-heading\" data-id=\"83099b2\" data-element_type=\"widget\" data-widget_type=\"heading.default\">\n\t\t\t\t<div class=\"elementor-widget-container\">\n\t\t\t\t\t<h3 class=\"elementor-heading-title elementor-size-default\">Looking for more information? Give us a call<\/h3>\t\t\t\t<\/div>\n\t\t\t\t<\/div>\n\t\t\t\t\t<\/div>\n\t\t\t\t<\/div>\n\t\t<div class=\"elementor-element elementor-element-5877077 e-flex e-con-boxed e-con e-parent\" data-id=\"5877077\" data-element_type=\"container\">\n\t\t\t\t\t<div class=\"e-con-inner\">\n\t\t<div class=\"elementor-element elementor-element-86649e6 e-con-full e-flex e-con e-parent\" data-id=\"86649e6\" data-element_type=\"container\">\n\t\t\t\t<div class=\"elementor-element elementor-element-834f3ab elementor-view-default elementor-invisible elementor-widget elementor-widget-icon\" data-id=\"834f3ab\" data-element_type=\"widget\" data-settings=\"{&quot;_animation&quot;:&quot;fadeIn&quot;}\" data-widget_type=\"icon.default\">\n\t\t\t\t<div class=\"elementor-widget-container\">\n\t\t\t\t\t\t\t<div class=\"elementor-icon-wrapper\">\n\t\t\t<div class=\"elementor-icon\">\n\t\t\t<i aria-hidden=\"true\" class=\"fas fa-phone-alt\"><\/i>\t\t\t<\/div>\n\t\t<\/div>\n\t\t\t\t\t\t<\/div>\n\t\t\t\t<\/div>\n\t\t\t\t<div class=\"elementor-element elementor-element-f03711e elementor-widget elementor-widget-global elementor-global-324 elementor-widget-heading\" data-id=\"f03711e\" data-element_type=\"widget\" data-widget_type=\"heading.default\">\n\t\t\t\t<div class=\"elementor-widget-container\">\n\t\t\t\t\t<h4 class=\"elementor-heading-title elementor-size-default\"><a href=\"tel:5540236964\" target=\"_blank\">55 4023 6964<\/a><\/h4>\t\t\t\t<\/div>\n\t\t\t\t<\/div>\n\t\t\t\t<\/div>\n\t\t<div class=\"elementor-element elementor-element-94327fc e-con-full e-flex e-con e-parent\" data-id=\"94327fc\" data-element_type=\"container\">\n\t\t\t\t<div class=\"elementor-element elementor-element-b5dec9a elementor-view-default elementor-invisible elementor-widget elementor-widget-icon\" data-id=\"b5dec9a\" data-element_type=\"widget\" data-settings=\"{&quot;_animation&quot;:&quot;fadeIn&quot;}\" data-widget_type=\"icon.default\">\n\t\t\t\t<div class=\"elementor-widget-container\">\n\t\t\t\t\t\t\t<div class=\"elementor-icon-wrapper\">\n\t\t\t<div class=\"elementor-icon\">\n\t\t\t<i aria-hidden=\"true\" class=\"fas fa-mail-bulk\"><\/i>\t\t\t<\/div>\n\t\t<\/div>\n\t\t\t\t\t\t<\/div>\n\t\t\t\t<\/div>\n\t\t\t\t<div class=\"elementor-element elementor-element-7f632ab elementor-widget elementor-widget-global elementor-global-327 elementor-widget-heading\" data-id=\"7f632ab\" data-element_type=\"widget\" data-widget_type=\"heading.default\">\n\t\t\t\t<div class=\"elementor-widget-container\">\n\t\t\t\t\t<h3 class=\"elementor-heading-title elementor-size-default\"><a href=\"mailto:contacto@larpabogados.com\" target=\"_blank\">contacto@larpabogados.com<\/a><\/h3>\t\t\t\t<\/div>\n\t\t\t\t<\/div>\n\t\t\t\t<\/div>\n\t\t<div class=\"elementor-element elementor-element-6d1f6d4 e-con-full e-flex e-con e-parent\" data-id=\"6d1f6d4\" data-element_type=\"container\">\n\t\t\t\t<div class=\"elementor-element elementor-element-c7adf1a elementor-view-default elementor-invisible elementor-widget elementor-widget-icon\" data-id=\"c7adf1a\" data-element_type=\"widget\" data-settings=\"{&quot;_animation&quot;:&quot;fadeIn&quot;}\" data-widget_type=\"icon.default\">\n\t\t\t\t<div class=\"elementor-widget-container\">\n\t\t\t\t\t\t\t<div class=\"elementor-icon-wrapper\">\n\t\t\t<div class=\"elementor-icon\">\n\t\t\t<i aria-hidden=\"true\" class=\"fab fa-whatsapp\"><\/i>\t\t\t<\/div>\n\t\t<\/div>\n\t\t\t\t\t\t<\/div>\n\t\t\t\t<\/div>\n\t\t\t\t<div class=\"elementor-element elementor-element-cd2980c elementor-widget elementor-widget-global elementor-global-330 elementor-widget-heading\" data-id=\"cd2980c\" data-element_type=\"widget\" data-widget_type=\"heading.default\">\n\t\t\t\t<div class=\"elementor-widget-container\">\n\t\t\t\t\t<h3 class=\"elementor-heading-title elementor-size-default\"><a href=\"https:\/\/api.whatsapp.com\/send?phone=5540236964\" target=\"_blank\">55 4023 6964<\/a><\/h3>\t\t\t\t<\/div>\n\t\t\t\t<\/div>\n\t\t\t\t<div class=\"elementor-element elementor-element-afd6774 elementor-widget elementor-widget-heading\" data-id=\"afd6774\" data-element_type=\"widget\" data-widget_type=\"heading.default\">\n\t\t\t\t<div class=\"elementor-widget-container\">\n\t\t\t\t\t<h3 class=\"elementor-heading-title elementor-size-default\">24\/7 Service<\/h3>\t\t\t\t<\/div>\n\t\t\t\t<\/div>\n\t\t\t\t<\/div>\n\t\t\t\t\t<\/div>\n\t\t\t\t<\/div>\n\t\t<div class=\"elementor-element elementor-element-949f572 e-flex e-con-boxed e-con e-parent\" data-id=\"949f572\" data-element_type=\"container\">\n\t\t\t\t\t<div class=\"e-con-inner\">\n\t\t<div class=\"elementor-element elementor-element-a4bbd66 e-con-full e-flex e-con e-parent\" data-id=\"a4bbd66\" data-element_type=\"container\">\n\t\t\t\t<div class=\"elementor-element elementor-element-f324f38 elementor-view-default elementor-invisible elementor-widget elementor-widget-icon\" data-id=\"f324f38\" data-element_type=\"widget\" data-settings=\"{&quot;_animation&quot;:&quot;fadeIn&quot;}\" data-widget_type=\"icon.default\">\n\t\t\t\t<div class=\"elementor-widget-container\">\n\t\t\t\t\t\t\t<div class=\"elementor-icon-wrapper\">\n\t\t\t<div class=\"elementor-icon\">\n\t\t\t<i aria-hidden=\"true\" class=\"fas fa-map-pin\"><\/i>\t\t\t<\/div>\n\t\t<\/div>\n\t\t\t\t\t\t<\/div>\n\t\t\t\t<\/div>\n\t\t\t\t<div class=\"elementor-element elementor-element-e4723f6 elementor-widget elementor-widget-global elementor-global-750 elementor-widget-heading\" data-id=\"e4723f6\" data-element_type=\"widget\" data-widget_type=\"heading.default\">\n\t\t\t\t<div class=\"elementor-widget-container\">\n\t\t\t\t\t<h3 class=\"elementor-heading-title elementor-size-default\">C. Monte Camerun 54, Col. Lomas de Chapultepec, Miguel Hidalgo, 11000 Ciudad de M\u00e9xico, CDMX<\/h3>\t\t\t\t<\/div>\n\t\t\t\t<\/div>\n\t\t\t\t<\/div>\n\t\t<div class=\"elementor-element elementor-element-eea907f e-con-full e-flex e-con e-parent\" data-id=\"eea907f\" data-element_type=\"container\">\n\t\t\t\t<div class=\"elementor-element elementor-element-2b43dc4 elementor-view-default elementor-invisible elementor-widget elementor-widget-icon\" data-id=\"2b43dc4\" data-element_type=\"widget\" data-settings=\"{&quot;_animation&quot;:&quot;fadeIn&quot;}\" data-widget_type=\"icon.default\">\n\t\t\t\t<div class=\"elementor-widget-container\">\n\t\t\t\t\t\t\t<div class=\"elementor-icon-wrapper\">\n\t\t\t<div class=\"elementor-icon\">\n\t\t\t<i aria-hidden=\"true\" class=\"far fa-clock\"><\/i>\t\t\t<\/div>\n\t\t<\/div>\n\t\t\t\t\t\t<\/div>\n\t\t\t\t<\/div>\n\t\t\t\t<div class=\"elementor-element elementor-element-ce87b01 elementor-widget elementor-widget-global elementor-global-753 elementor-widget-heading\" data-id=\"ce87b01\" data-element_type=\"widget\" data-widget_type=\"heading.default\">\n\t\t\t\t<div class=\"elementor-widget-container\">\n\t\t\t\t\t<h3 class=\"elementor-heading-title elementor-size-default\">Monday - Friday from 8:00 A.M \n<\/h3>\t\t\t\t<\/div>\n\t\t\t\t<\/div>\n\t\t\t\t<\/div>\n\t\t\t\t\t<\/div>\n\t\t\t\t<\/div>\n\t\t<div class=\"elementor-element elementor-element-03a8645 e-flex e-con-boxed e-con e-parent\" data-id=\"03a8645\" data-element_type=\"container\" data-settings=\"{&quot;background_background&quot;:&quot;classic&quot;}\">\n\t\t\t\t\t<div class=\"e-con-inner\">\n\t\t\t\t<div class=\"elementor-element elementor-element-de85676 elementor-widget elementor-widget-heading\" data-id=\"de85676\" data-element_type=\"widget\" data-widget_type=\"heading.default\">\n\t\t\t\t<div class=\"elementor-widget-container\">\n\t\t\t\t\t<h2 class=\"elementor-heading-title elementor-size-default\">Do you have an emergency?<\/h2>\t\t\t\t<\/div>\n\t\t\t\t<\/div>\n\t\t\t\t<div class=\"elementor-element elementor-element-3894e9c elementor-align-center elementor-widget elementor-widget-button\" data-id=\"3894e9c\" data-element_type=\"widget\" data-widget_type=\"button.default\">\n\t\t\t\t<div class=\"elementor-widget-container\">\n\t\t\t\t\t\t\t\t\t<div class=\"elementor-button-wrapper\">\n\t\t\t\t\t<a class=\"elementor-button elementor-button-link elementor-size-md\" href=\"https:\/\/wa.me\/5543189230\">\n\t\t\t\t\t\t<span class=\"elementor-button-content-wrapper\">\n\t\t\t\t\t\t<span class=\"elementor-button-icon\">\n\t\t\t\t<i aria-hidden=\"true\" class=\"fas fa-exclamation-triangle\"><\/i>\t\t\t<\/span>\n\t\t\t\t\t\t\t\t\t<span class=\"elementor-button-text\">Click here<\/span>\n\t\t\t\t\t<\/span>\n\t\t\t\t\t<\/a>\n\t\t\t\t<\/div>\n\t\t\t\t\t\t\t\t<\/div>\n\t\t\t\t<\/div>\n\t\t\t\t<div class=\"elementor-element elementor-element-407d974 elementor-widget elementor-widget-heading\" data-id=\"407d974\" data-element_type=\"widget\" data-widget_type=\"heading.default\">\n\t\t\t\t<div class=\"elementor-widget-container\">\n\t\t\t\t\t<h3 class=\"elementor-heading-title elementor-size-default\">WhatsApp - 24\/7<\/h3>\t\t\t\t<\/div>\n\t\t\t\t<\/div>\n\t\t\t\t\t<\/div>\n\t\t\t\t<\/div>\n\t\t<div class=\"elementor-element elementor-element-c317c88 e-flex e-con-boxed e-con e-parent\" data-id=\"c317c88\" data-element_type=\"container\">\n\t\t\t\t\t<div class=\"e-con-inner\">\n\t\t\t\t<div class=\"elementor-element elementor-element-2f88934 elementor-widget elementor-widget-heading\" data-id=\"2f88934\" data-element_type=\"widget\" data-widget_type=\"heading.default\">\n\t\t\t\t<div class=\"elementor-widget-container\">\n\t\t\t\t\t<h3 class=\"elementor-heading-title elementor-size-default\">Send us a message<\/h3>\t\t\t\t<\/div>\n\t\t\t\t<\/div>\n\t\t\t\t<div class=\"elementor-element elementor-element-5bb2d96 elementor-button-align-stretch elementor-widget elementor-widget-global elementor-global-345 elementor-widget-form\" data-id=\"5bb2d96\" data-element_type=\"widget\" data-settings=\"{&quot;step_next_label&quot;:&quot;Next&quot;,&quot;step_previous_label&quot;:&quot;Previous&quot;,&quot;button_width&quot;:&quot;100&quot;,&quot;step_type&quot;:&quot;number_text&quot;,&quot;step_icon_shape&quot;:&quot;circle&quot;}\" data-widget_type=\"form.default\">\n\t\t\t\t<div class=\"elementor-widget-container\">\n\t\t\t\t\t\t\t<form class=\"elementor-form\" method=\"post\" name=\"New Form\" aria-label=\"New Form\" action=\"\">\n\t\t\t<input type=\"hidden\" name=\"post_id\" value=\"35\"\/>\n\t\t\t<input type=\"hidden\" name=\"form_id\" value=\"5bb2d96\"\/>\n\t\t\t<input type=\"hidden\" name=\"referer_title\" value=\"Lafontaine &amp; Romero Parker Abogados\" \/>\n\n\t\t\t\n\t\t\t<div class=\"elementor-form-fields-wrapper elementor-labels-above\">\n\t\t\t\t\t\t\t\t<div class=\"elementor-field-type-text elementor-field-group elementor-column elementor-field-group-name elementor-col-100\">\n\t\t\t\t\t\t\t\t\t\t\t\t<label for=\"form-field-name\" class=\"elementor-field-label\">\n\t\t\t\t\t\t\t\tName\t\t\t\t\t\t\t<\/label>\n\t\t\t\t\t\t\t\t\t\t\t\t\t\t<input size=\"1\" type=\"text\" name=\"form_fields[name]\" id=\"form-field-name\" class=\"elementor-field elementor-size-sm  elementor-field-textual\" placeholder=\"Name:\">\n\t\t\t\t\t\t\t\t\t\t\t<\/div>\n\t\t\t\t\t\t\t\t<div class=\"elementor-field-type-email elementor-field-group elementor-column elementor-field-group-email elementor-col-100 elementor-field-required\">\n\t\t\t\t\t\t\t\t\t\t\t\t<label for=\"form-field-email\" class=\"elementor-field-label\">\n\t\t\t\t\t\t\t\tEmail\t\t\t\t\t\t\t<\/label>\n\t\t\t\t\t\t\t\t\t\t\t\t\t\t<input size=\"1\" type=\"email\" name=\"form_fields[email]\" id=\"form-field-email\" class=\"elementor-field elementor-size-sm  elementor-field-textual\" placeholder=\"Email:\" required=\"required\">\n\t\t\t\t\t\t\t\t\t\t\t<\/div>\n\t\t\t\t\t\t\t\t<div class=\"elementor-field-type-tel elementor-field-group elementor-column elementor-field-group-field_2d31ded elementor-col-100\">\n\t\t\t\t\t\t\t\t\t\t\t\t<label for=\"form-field-field_2d31ded\" class=\"elementor-field-label\">\n\t\t\t\t\t\t\t\tPhone Number\t\t\t\t\t\t\t<\/label>\n\t\t\t\t\t\t\t\t<input size=\"1\" type=\"tel\" name=\"form_fields[field_2d31ded]\" id=\"form-field-field_2d31ded\" class=\"elementor-field elementor-size-sm  elementor-field-textual\" placeholder=\"Phone Number:\" pattern=\"[0-9()#&amp;+*-=.]+\" title=\"Only numbers and phone characters (#, -, *, etc) are accepted.\">\n\n\t\t\t\t\t\t<\/div>\n\t\t\t\t\t\t\t\t<div class=\"elementor-field-type-textarea elementor-field-group elementor-column elementor-field-group-message elementor-col-100\">\n\t\t\t\t\t\t\t\t\t\t\t\t<label for=\"form-field-message\" class=\"elementor-field-label\">\n\t\t\t\t\t\t\t\tMessage\t\t\t\t\t\t\t<\/label>\n\t\t\t\t\t\t<textarea class=\"elementor-field-textual elementor-field  elementor-size-sm\" name=\"form_fields[message]\" id=\"form-field-message\" rows=\"4\" placeholder=\"Type your message here:\"><\/textarea>\t\t\t\t<\/div>\n\t\t\t\t\t\t\t\t<div class=\"elementor-field-group elementor-column elementor-field-type-submit elementor-col-100 e-form__buttons\">\n\t\t\t\t\t<button class=\"elementor-button elementor-size-sm\" type=\"submit\">\n\t\t\t\t\t\t<span class=\"elementor-button-content-wrapper\">\n\t\t\t\t\t\t\t\t\t\t\t\t\t\t\t\t\t\t\t\t\t\t<span class=\"elementor-button-text\">SEND<\/span>\n\t\t\t\t\t\t\t\t\t\t\t\t\t<\/span>\n\t\t\t\t\t<\/button>\n\t\t\t\t<\/div>\n\t\t\t<\/div>\n\t\t<input type=\"hidden\" name=\"trp-form-language\" value=\"en\"\/><\/form>\n\t\t\t\t\t\t<\/div>\n\t\t\t\t<\/div>\n\t\t\t\t\t<\/div>\n\t\t\t\t<\/div>\n\t\t\t\t<\/div>","protected":false},"excerpt":{"rendered":"<p>Contacto \u00bfNecesitas m\u00e1s informaci\u00f3n? Ll\u00e1manos 55 8100 9823 contacto@larpabogados.com 55 4318 9230 Servicio las 24\/7 C. Monte Camerun 54, Col. Lomas de Chapultepec, Miguel Hidalgo, 11000 Ciudad de M\u00e9xico, CDMX Lunes a Viernes a partir de 8:00 am \u00bfTienes una emergencia? Presiona aqu\u00ed Whatsapp 24 horas Env\u00edanos un mensaje<\/p>","protected":false},"author":2,"featured_media":0,"parent":0,"menu_order":0,"comment_status":"closed","ping_status":"closed","template":"","meta":{"_joinchat":[],"footnotes":""},"class_list":["post-35","page","type-page","status-publish","hentry"],"yoast_head":"<!-- This site is optimized with the Yoast SEO plugin v25.5 - https:\/\/yoast.com\/wordpress\/plugins\/seo\/ -->\n<title>CONTACTO - Lafontaine &amp; Romero Parker Abogados<\/title>\n<meta name=\"robots\" content=\"index, follow, max-snippet:-1, max-image-preview:large, max-video-preview:-1\" \/>\n<link rel=\"canonical\" href=\"https:\/\/larpabogados.com\/en\/contacto\/\" \/>\n<meta property=\"og:locale\" content=\"en_US\" \/>\n<meta property=\"og:type\" content=\"article\" \/>\n<meta property=\"og:title\" content=\"CONTACTO - Lafontaine &amp; Romero Parker Abogados\" \/>\n<meta property=\"og:description\" content=\"Contacto \u00bfNecesitas m\u00e1s informaci\u00f3n? Ll\u00e1manos 55 8100 9823 contacto@larpabogados.com 55 4318 9230 Servicio las 24\/7 C. Monte Camerun 54, Col. Lomas de Chapultepec, Miguel Hidalgo, 11000 Ciudad de M\u00e9xico, CDMX Lunes a Viernes a partir de 8:00 am \u00bfTienes una emergencia? Presiona aqu\u00ed Whatsapp 24 horas Env\u00edanos un mensaje\" \/>\n<meta property=\"og:url\" content=\"https:\/\/larpabogados.com\/en\/contacto\/\" \/>\n<meta property=\"og:site_name\" content=\"Lafontaine &amp; Romero Parker Abogados\" \/>\n<meta property=\"article:modified_time\" content=\"2023-11-30T02:06:41+00:00\" \/>\n<meta property=\"og:image\" content=\"https:\/\/larpabogados.com\/wp-content\/uploads\/2023\/09\/larp-abogados.jpg\" \/>\n\t<meta property=\"og:image:width\" content=\"1200\" \/>\n\t<meta property=\"og:image:height\" content=\"675\" \/>\n\t<meta property=\"og:image:type\" content=\"image\/jpeg\" \/>\n<meta name=\"twitter:card\" content=\"summary_large_image\" \/>\n<meta name=\"twitter:label1\" content=\"Est. reading time\" \/>\n\t<meta name=\"twitter:data1\" content=\"1 minute\" \/>\n<script type=\"application\/ld+json\" class=\"yoast-schema-graph\">{\"@context\":\"https:\/\/schema.org\",\"@graph\":[{\"@type\":\"WebPage\",\"@id\":\"https:\/\/larpabogados.com\/contacto\/\",\"url\":\"https:\/\/larpabogados.com\/contacto\/\",\"name\":\"CONTACTO - Lafontaine &amp; Romero Parker Abogados\",\"isPartOf\":{\"@id\":\"https:\/\/larpabogados.com\/#website\"},\"datePublished\":\"2023-08-08T17:29:00+00:00\",\"dateModified\":\"2023-11-30T02:06:41+00:00\",\"breadcrumb\":{\"@id\":\"https:\/\/larpabogados.com\/contacto\/#breadcrumb\"},\"inLanguage\":\"en-US\",\"potentialAction\":[{\"@type\":\"ReadAction\",\"target\":[\"https:\/\/larpabogados.com\/contacto\/\"]}]},{\"@type\":\"BreadcrumbList\",\"@id\":\"https:\/\/larpabogados.com\/contacto\/#breadcrumb\",\"itemListElement\":[{\"@type\":\"ListItem\",\"position\":1,\"name\":\"Inicio\",\"item\":\"https:\/\/larpabogados.com\/\"},{\"@type\":\"ListItem\",\"position\":2,\"name\":\"CONTACTO\"}]},{\"@type\":\"WebSite\",\"@id\":\"https:\/\/larpabogados.com\/#website\",\"url\":\"https:\/\/larpabogados.com\/\",\"name\":\"Lafontaine &amp; Romero Parker Abogados\",\"description\":\"Despacho de abogados\",\"publisher\":{\"@id\":\"https:\/\/larpabogados.com\/#organization\"},\"alternateName\":\"LARP Abogados\",\"potentialAction\":[{\"@type\":\"SearchAction\",\"target\":{\"@type\":\"EntryPoint\",\"urlTemplate\":\"https:\/\/larpabogados.com\/?s={search_term_string}\"},\"query-input\":{\"@type\":\"PropertyValueSpecification\",\"valueRequired\":true,\"valueName\":\"search_term_string\"}}],\"inLanguage\":\"en-US\"},{\"@type\":\"Organization\",\"@id\":\"https:\/\/larpabogados.com\/#organization\",\"name\":\"LAFONTAINE & ROMERO PARKER ABOGADOS\",\"alternateName\":\"LAFONTAINE & ROMERO PARKER ABOGADOS\",\"url\":\"https:\/\/larpabogados.com\/\",\"logo\":{\"@type\":\"ImageObject\",\"inLanguage\":\"en-US\",\"@id\":\"https:\/\/larpabogados.com\/#\/schema\/logo\/image\/\",\"url\":\"https:\/\/larpabogados.com\/wp-content\/uploads\/2023\/08\/larp-lafointaine_y_romero_parker-abogados-leyes-procurador-fiscal-familia-bufete-divorcio-penalista-abogado_laboral-oficio-civil-despacho-inmobiliario-juridico-asesor-litigante-logo-0001.png\",\"contentUrl\":\"https:\/\/larpabogados.com\/wp-content\/uploads\/2023\/08\/larp-lafointaine_y_romero_parker-abogados-leyes-procurador-fiscal-familia-bufete-divorcio-penalista-abogado_laboral-oficio-civil-despacho-inmobiliario-juridico-asesor-litigante-logo-0001.png\",\"width\":500,\"height\":140,\"caption\":\"LAFONTAINE & ROMERO PARKER ABOGADOS\"},\"image\":{\"@id\":\"https:\/\/larpabogados.com\/#\/schema\/logo\/image\/\"}}]}<\/script>\n<!-- \/ Yoast SEO plugin. -->","yoast_head_json":{"title":"CONTACTO - Lafontaine &amp; Romero Parker Abogados","robots":{"index":"index","follow":"follow","max-snippet":"max-snippet:-1","max-image-preview":"max-image-preview:large","max-video-preview":"max-video-preview:-1"},"canonical":"https:\/\/larpabogados.com\/en\/contacto\/","og_locale":"en_US","og_type":"article","og_title":"CONTACTO - Lafontaine &amp; Romero Parker Abogados","og_description":"Contacto \u00bfNecesitas m\u00e1s informaci\u00f3n? Ll\u00e1manos 55 8100 9823 contacto@larpabogados.com 55 4318 9230 Servicio las 24\/7 C. Monte Camerun 54, Col. Lomas de Chapultepec, Miguel Hidalgo, 11000 Ciudad de M\u00e9xico, CDMX Lunes a Viernes a partir de 8:00 am \u00bfTienes una emergencia? Presiona aqu\u00ed Whatsapp 24 horas Env\u00edanos un mensaje","og_url":"https:\/\/larpabogados.com\/en\/contacto\/","og_site_name":"Lafontaine &amp; Romero Parker Abogados","article_modified_time":"2023-11-30T02:06:41+00:00","og_image":[{"width":1200,"height":675,"url":"https:\/\/larpabogados.com\/wp-content\/uploads\/2023\/09\/larp-abogados.jpg","type":"image\/jpeg"}],"twitter_card":"summary_large_image","twitter_misc":{"Est. reading time":"1 minute"},"schema":{"@context":"https:\/\/schema.org","@graph":[{"@type":"WebPage","@id":"https:\/\/larpabogados.com\/contacto\/","url":"https:\/\/larpabogados.com\/contacto\/","name":"CONTACTO - Lafontaine &amp; Romero Parker Abogados","isPartOf":{"@id":"https:\/\/larpabogados.com\/#website"},"datePublished":"2023-08-08T17:29:00+00:00","dateModified":"2023-11-30T02:06:41+00:00","breadcrumb":{"@id":"https:\/\/larpabogados.com\/contacto\/#breadcrumb"},"inLanguage":"en-US","potentialAction":[{"@type":"ReadAction","target":["https:\/\/larpabogados.com\/contacto\/"]}]},{"@type":"BreadcrumbList","@id":"https:\/\/larpabogados.com\/contacto\/#breadcrumb","itemListElement":[{"@type":"ListItem","position":1,"name":"Inicio","item":"https:\/\/larpabogados.com\/"},{"@type":"ListItem","position":2,"name":"CONTACTO"}]},{"@type":"WebSite","@id":"https:\/\/larpabogados.com\/#website","url":"https:\/\/larpabogados.com\/","name":"Lafontaine &amp; Romero Parker Abogados, Law Firm","description":"Despacho de abogados","publisher":{"@id":"https:\/\/larpabogados.com\/#organization"},"alternateName":"LARP Abogados","potentialAction":[{"@type":"SearchAction","target":{"@type":"EntryPoint","urlTemplate":"https:\/\/larpabogados.com\/?s={search_term_string}"},"query-input":{"@type":"PropertyValueSpecification","valueRequired":true,"valueName":"search_term_string"}}],"inLanguage":"en-US"},{"@type":"Organization","@id":"https:\/\/larpabogados.com\/#organization","name":"LAFONTAINE & ROMERO PARKER ABOGADOS","alternateName":"LAFONTAINE & ROMERO PARKER ABOGADOS","url":"https:\/\/larpabogados.com\/","logo":{"@type":"ImageObject","inLanguage":"en-US","@id":"https:\/\/larpabogados.com\/#\/schema\/logo\/image\/","url":"https:\/\/larpabogados.com\/wp-content\/uploads\/2023\/08\/larp-lafointaine_y_romero_parker-abogados-leyes-procurador-fiscal-familia-bufete-divorcio-penalista-abogado_laboral-oficio-civil-despacho-inmobiliario-juridico-asesor-litigante-logo-0001.png","contentUrl":"https:\/\/larpabogados.com\/wp-content\/uploads\/2023\/08\/larp-lafointaine_y_romero_parker-abogados-leyes-procurador-fiscal-familia-bufete-divorcio-penalista-abogado_laboral-oficio-civil-despacho-inmobiliario-juridico-asesor-litigante-logo-0001.png","width":500,"height":140,"caption":"LAFONTAINE & ROMERO PARKER ABOGADOS"},"image":{"@id":"https:\/\/larpabogados.com\/#\/schema\/logo\/image\/"}}]}},"_links":{"self":[{"href":"https:\/\/larpabogados.com\/en\/wp-json\/wp\/v2\/pages\/35","targetHints":{"allow":["GET"]}}],"collection":[{"href":"https:\/\/larpabogados.com\/en\/wp-json\/wp\/v2\/pages"}],"about":[{"href":"https:\/\/larpabogados.com\/en\/wp-json\/wp\/v2\/types\/page"}],"author":[{"embeddable":true,"href":"https:\/\/larpabogados.com\/en\/wp-json\/wp\/v2\/users\/2"}],"replies":[{"embeddable":true,"href":"https:\/\/larpabogados.com\/en\/wp-json\/wp\/v2\/comments?post=35"}],"version-history":[{"count":0,"href":"https:\/\/larpabogados.com\/en\/wp-json\/wp\/v2\/pages\/35\/revisions"}],"wp:attachment":[{"href":"https:\/\/larpabogados.com\/en\/wp-json\/wp\/v2\/media?parent=35"}],"curies":[{"name":"wp","href":"https:\/\/api.w.org\/{rel}","templated":true}]}}